{"id":6727,"date":"2025-10-20T08:50:57","date_gmt":"2025-10-20T08:50:57","guid":{"rendered":"https:\/\/cleancadenceaudio.com\/?page_id=6727"},"modified":"2025-10-20T08:55:14","modified_gmt":"2025-10-20T08:55:14","slug":"impressum","status":"publish","type":"page","link":"https:\/\/cleancadenceaudio.com\/de\/impressum\/","title":{"rendered":"Impressum"},"content":{"rendered":"<div data-elementor-type=\"wp-page\" data-elementor-id=\"6727\" class=\"elementor elementor-6727\">\n\t\t\t\t<div class=\"elementor-element elementor-element-af1e344 e-flex e-con-boxed e-con e-parent\" data-id=\"af1e344\" data-element_type=\"container\">\n\t\t\t\t\t<div class=\"e-con-inner\">\n\t\t\t\t<div class=\"elementor-element elementor-element-ee62e0d elementor-widget elementor-widget-hub_fancy_heading\" data-id=\"ee62e0d\" data-element_type=\"widget\" data-widget_type=\"hub_fancy_heading.default\">\n\t\t\t\t<div class=\"elementor-widget-container\">\n\t\t\t\n\t\t<div id=\"ld-fancy-heading-69e391e546908\" class=\"ld-fancy-heading pos-rel\">\n\t\t\t<h1 class=\"ld-fh-element d-inline-block pos-rel  elementor-heading-title lqd-highlight-classic lqd-highlight-grow-left h1\"  > Impressum<\/h1>\t\t<\/div>\n\n\t\t\t\t<\/div>\n\t\t\t\t<\/div>\n\t\t<div class=\"elementor-element elementor-element-c8ecf54 e-con-full e-flex e-con e-child\" data-id=\"c8ecf54\" data-element_type=\"container\" data-settings=\"{&quot;background_background&quot;:&quot;classic&quot;}\">\n\t\t\t\t<div class=\"elementor-element elementor-element-4a17c6b elementor-widget elementor-widget-text-editor\" data-id=\"4a17c6b\" data-element_type=\"widget\" data-widget_type=\"text-editor.default\">\n\t\t\t\t<div class=\"elementor-widget-container\">\n\t\t\t\t\t\t\t<p class=\"p1\"><strong>Clean Cadence Audio GmbH<\/strong><\/p><p class=\"p1\"><strong>Adresse:<\/strong> cleancadenceaudio.com<\/p><p class=\"p1\"><strong>Telefon:<\/strong><\/p><p class=\"p1\"><strong>E-Mail:<\/strong><\/p><p class=\"p1\"><strong>Internet:<\/strong><\/p><p class=\"p1\"><strong>Vertretungsberechtigte Gesch\u00e4ftsf\u00fchrer:<\/strong><\/p><p class=\"p1\"><strong>Registernummer:<\/strong><\/p><p class=\"p1\"><strong>Sitz und Registergericht:<\/strong><\/p><p class=\"p1\"><strong>Umsatzsteueridentifikationsnummer gem\u00e4\u00df \u00a7 27a Umsatzsteuergesetz:<\/strong><\/p>\t\t\t\t\t\t<\/div>\n\t\t\t\t<\/div>\n\t\t\t\t<\/div>\n\t\t\t\t\t<\/div>\n\t\t\t\t<\/div>\n\t\t\t\t<\/div>","protected":false},"excerpt":{"rendered":"<p>Impressum Clean Cadence Audio GmbH Adresse: cleancadenceaudio.com Telefon: E-Mail: Internet: Vertretungsberechtigte Gesch\u00e4ftsf\u00fchrer: Registernummer: Sitz und Registergericht: Umsatzsteueridentifikationsnummer gem\u00e4\u00df \u00a7 27a Umsatzsteuergesetz:<\/p>","protected":false},"author":1,"featured_media":0,"parent":0,"menu_order":0,"comment_status":"closed","ping_status":"closed","template":"","meta":{"rank_math_lock_modified_date":false,"footnotes":""},"class_list":["post-6727","page","type-page","status-publish","hentry"],"_links":{"self":[{"href":"https:\/\/cleancadenceaudio.com\/de\/wp-json\/wp\/v2\/pages\/6727","targetHints":{"allow":["GET"]}}],"collection":[{"href":"https:\/\/cleancadenceaudio.com\/de\/wp-json\/wp\/v2\/pages"}],"about":[{"href":"https:\/\/cleancadenceaudio.com\/de\/wp-json\/wp\/v2\/types\/page"}],"author":[{"embeddable":true,"href":"https:\/\/cleancadenceaudio.com\/de\/wp-json\/wp\/v2\/users\/1"}],"replies":[{"embeddable":true,"href":"https:\/\/cleancadenceaudio.com\/de\/wp-json\/wp\/v2\/comments?post=6727"}],"version-history":[{"count":7,"href":"https:\/\/cleancadenceaudio.com\/de\/wp-json\/wp\/v2\/pages\/6727\/revisions"}],"predecessor-version":[{"id":6736,"href":"https:\/\/cleancadenceaudio.com\/de\/wp-json\/wp\/v2\/pages\/6727\/revisions\/6736"}],"wp:attachment":[{"href":"https:\/\/cleancadenceaudio.com\/de\/wp-json\/wp\/v2\/media?parent=6727"}],"curies":[{"name":"wp","href":"https:\/\/api.w.org\/{rel}","templated":true}]}}